{"id":26,"date":"2020-06-18T13:35:46","date_gmt":"2020-06-18T13:35:46","guid":{"rendered":"http:\/\/skupina.de\/?page_id=26"},"modified":"2024-10-11T08:59:22","modified_gmt":"2024-10-11T08:59:22","slug":"therapien","status":"publish","type":"page","link":"https:\/\/skupina.de\/?page_id=26","title":{"rendered":"Therapien"},"content":{"rendered":"\n<ul class=\"wp-block-list\"><li>Krankengymnastik<\/li><li>Krankengymnastik am Ger\u00e4t<\/li><li>manuelle Therapie<\/li><li>Massagen<\/li><li>Lymphdrainagen<\/li><li>Bindegewebsmassagen<\/li><li>Schlingentisch<\/li><li>Hei\u00dfluft<\/li><li>Fangopackungen<\/li><li>Eispackungen<\/li><li>Elektrotherapie<\/li><li>elektromagnetische Magnetfeld-Therapie<\/li><li>PNF (Propriozeptive Neuromuskul\u00e4re Fazilitation)<\/li><li>Tape \/ Kinesio Tape<\/li><li>CMD &#8211; Behandlung<\/li><\/ul>\n\n\n\n<p><\/p>\n\n\n\n<p><\/p>\n\n\n\n<p><\/p>\n\n\n\n<p><\/p>\n\n\n\n<p><\/p>\n\n\n\n<p><\/p>\n","protected":false},"excerpt":{"rendered":"<p>Krankengymnastik Krankengymnastik am Ger\u00e4t manuelle Therapie Massagen Lymphdrainagen Bindegewebsmassagen Schlingentisch Hei\u00dfluft Fangopackungen Eispackungen Elektrotherapie elektromagnetische Magnetfeld-Therapie PNF (Propriozeptive Neuromuskul\u00e4re Fazilitation) Tape \/ Kinesio Tape CMD &#8211; Behandlung<\/p>\n","protected":false},"author":1,"featured_media":0,"parent":0,"menu_order":0,"comment_status":"closed","ping_status":"closed","template":"","meta":{"footnotes":""},"class_list":["post-26","page","type-page","status-publish","hentry"],"_links":{"self":[{"href":"https:\/\/skupina.de\/index.php?rest_route=\/wp\/v2\/pages\/26","targetHints":{"allow":["GET"]}}],"collection":[{"href":"https:\/\/skupina.de\/index.php?rest_route=\/wp\/v2\/pages"}],"about":[{"href":"https:\/\/skupina.de\/index.php?rest_route=\/wp\/v2\/types\/page"}],"author":[{"embeddable":true,"href":"https:\/\/skupina.de\/index.php?rest_route=\/wp\/v2\/users\/1"}],"replies":[{"embeddable":true,"href":"https:\/\/skupina.de\/index.php?rest_route=%2Fwp%2Fv2%2Fcomments&post=26"}],"version-history":[{"count":7,"href":"https:\/\/skupina.de\/index.php?rest_route=\/wp\/v2\/pages\/26\/revisions"}],"predecessor-version":[{"id":104,"href":"https:\/\/skupina.de\/index.php?rest_route=\/wp\/v2\/pages\/26\/revisions\/104"}],"wp:attachment":[{"href":"https:\/\/skupina.de\/index.php?rest_route=%2Fwp%2Fv2%2Fmedia&parent=26"}],"curies":[{"name":"wp","href":"https:\/\/api.w.org\/{rel}","templated":true}]}}