{"id":36,"date":"2020-06-18T13:36:06","date_gmt":"2020-06-18T13:36:06","guid":{"rendered":"http:\/\/skupina.de\/?page_id=36"},"modified":"2024-12-16T14:17:52","modified_gmt":"2024-12-16T14:17:52","slug":"impressum","status":"publish","type":"page","link":"https:\/\/skupina.de\/?page_id=36","title":{"rendered":"Impressum"},"content":{"rendered":"\n<p><strong>Praxis f\u00fcr Physiotherapie<\/strong><br>Ralf Skupina<br>Breiten Dyk 25<br>47803 Krefeld<br><br>Telefon: +49 2151 602394<br>E-Mail: <a href=\"mailto:info@skupina.de\">info@skupina.de<\/a><\/p>\n\n\n\n<p><strong>Inhaber<\/strong><br>Ralf Skupina<\/p>\n\n\n\n<p><strong>Gesetzliche Berufsbezeichnun<\/strong>g<br>Physiotherapeut<\/p>\n\n\n\n<p><strong>Steuernummer<\/strong><br>117\/5357\/0134<\/p>\n\n\n\n<p><strong>Aufsichtsbeh\u00f6rde<\/strong><br>Gesundheitsamt Krefeld<\/p>\n\n\n\n<p><strong>Verbandsmitgliedschaft<\/strong><br>Mitglied im Verband Physikalische Therapie (VPT)<\/p>\n\n\n\n<p><strong>Es gelten folgende berufsrechtliche Regelungen<\/strong><br>Masseur- und Physiotherapeutengesetz Regelungen einsehbar unter:<br><a href=\"https:\/\/www.gesetze-im-internet.de\/mphg\/BJNR108400994.html\">https:\/\/www.gesetze-im-internet.de\/mphg\/BJNR108400994.html<\/a><\/p>\n\n\n\n<p><strong>Haftungshinweis&nbsp; &nbsp;<\/strong><strong><br><\/strong>Trotz sorgf\u00e4ltiger inhaltlicher Kontrolle \u00fcbernehmen wir keine Haftung f\u00fcr die Inhalte externer Links. F\u00fcr den Inhalt der verlinkten Seiten sind ausschlie\u00dflich deren Betreiber verantwortlich.<\/p>\n\n\n\n<p><strong>Streitigkeiten<\/strong><br>Hier erhalten Sie als Verbraucher die M\u00f6glichkeit, sich bei Streitigkeiten mit uns an eine Schlichtungsstelle zu wenden: <a rel=\"noreferrer noopener\" href=\"http:\/\/ec.europa.eu\/consumers\/odr\/\" target=\"_blank\">http:\/\/ec.europa.eu\/consumers\/odr\/<\/a><\/p>\n\n\n\n<p>ODER<\/p>\n\n\n\n<p><strong>Streitschlichtung<\/strong><br>Die Europ\u00e4ische Kommission stellt eine Plattform zur Online-Streitbeilegung (OS) bereit: <a href=\"https:\/\/ec.europa.eu\/consumers\/odr\" target=\"_blank\" rel=\"noreferrer noopener\">https:\/\/ec.europa.eu\/consumers\/odr<\/a><br><br>Unsere E-Mail-Adresse finden Sie oben im Impressum.<br><br>Wir sind nicht bereit oder verpflichtet, an Streitbeilegungsverfahren vor einer Verbraucherschlichtungsstelle teilzunehmen.<br><br><strong>Haftung f\u00fcr Inhalte<\/strong><br>Als Dienstanbieter sind wir gem\u00e4\u00df \u00a7 7 Abs.1 TMG f\u00fcr eigene Inhalte auf diesen Seiten nach den allgemeinen Gesetzen verantwortlich. Nach \u00a7\u00a7 8 bis 10 TMG sind wir als Dienstanbieter jedoch nicht verpflichtet, \u00fcbermittelte oder gespeicherte fremde Informationen zu \u00fcberwachen oder nach Umst\u00e4nden zu forschen, die auf eine rechtswidrige T\u00e4tigkeit hinweisen. Verpflichtungen zur Entfernung oder Sperrung der Nutzung von Informationen nach den allgemeinen Gesetzen bleiben hiervon unber\u00fchrt. Eine diesbez\u00fcgliche Haftung ist jedoch erst ab dem Zeitpunkt der Kenntnis einer konkreten Rechtsverletzung m\u00f6glich. Bei Bekanntwerden von entsprechenden Rechtsverletzungen werden wir diese Inhalte umgehend entfernen.<br><br><strong>Haftung f\u00fcr Links<\/strong><br>Unser Angebot enth\u00e4lt Links zu externen Websites Dritter, auf deren Inhalte wir keinen Einfluss haben. Deshalb k\u00f6nnen wir f\u00fcr diese fremden Inhalte auch keine Gew\u00e4hr \u00fcbernehmen. F\u00fcr die Inhalte der verlinkten Seiten ist stets der jeweilige Anbieter oder Betreiber der Seiten verantwortlich. Die verlinkten Seiten wurden zum Zeitpunkt der Verlinkung auf m\u00f6gliche Rechtsverst\u00f6\u00dfe \u00fcberpr\u00fcft. Rechtswidrige Inhalte waren zum Zeitpunkt der Verlinkung nicht erkennbar. Eine permanente inhaltliche Kontrolle der verlinkten Seiten ist jedoch ohne konkrete Anhaltspunkte einer Rechtsverletzung nicht zumutbar. Bei Bekanntwerden von Rechtsverletzungen werden wir derartige Links umgehend entfernen.<br><br><strong>Urheberrecht<\/strong><br>Die durch die Seitenbetreiber erstellten Inhalte und Werke auf diesen Seiten unterliegen dem deutschen Urheberrecht. Die Vervielf\u00e4ltigung, Bearbeitung, Verbreitung und jede Art der Verwertung au\u00dferhalb der Grenzen des Urheberrechtes bed\u00fcrfen der schriftlichen Zustimmung des jeweiligen Autors bzw. Erstellers. Downloads und Kopien dieser Seite sind nur f\u00fcr den privaten, nicht kommerziellen Gebrauch gestattet. Soweit die Inhalte auf dieser Seite nicht vom Betreiber erstellt wurden, werden die Urheberrechte Dritter beachtet. Insbesondere werden Inhalte Dritter als solche gekennzeichnet. Sollten Sie trotzdem auf eine Urheberrechtsverletzung aufmerksam werden, bitten wir um einen entsprechenden Hinweis. Bei Bekanntwerden von Rechtsverletzungen werden wir derartige Inhalte umgehend entfernen.<\/p>\n\n\n\n<p><\/p>\n\n\n\n<p><\/p>\n\n\n\n<p><\/p>\n\n\n\n<p><\/p>\n","protected":false},"excerpt":{"rendered":"<p>Praxis f\u00fcr PhysiotherapieRalf SkupinaBreiten Dyk 2547803 Krefeld Telefon: +49 2151 602394E-Mail: info@skupina.de InhaberRalf Skupina Gesetzliche BerufsbezeichnungPhysiotherapeut Steuernummer117\/5357\/0134 Aufsichtsbeh\u00f6rdeGesundheitsamt Krefeld VerbandsmitgliedschaftMitglied im Verband Physikalische Therapie (VPT) Es gelten folgende berufsrechtliche RegelungenMasseur- und Physiotherapeutengesetz Regelungen einsehbar unter:https:\/\/www.gesetze-im-internet.de\/mphg\/BJNR108400994.html Haftungshinweis&nbsp; &nbsp;Trotz sorgf\u00e4ltiger inhaltlicher Kontrolle \u00fcbernehmen wir keine Haftung f\u00fcr die Inhalte externer Links. F\u00fcr den Inhalt der verlinkten Seiten &hellip; <\/p>\n<p class=\"link-more\"><a href=\"https:\/\/skupina.de\/?page_id=36\" class=\"more-link\"><span class=\"screen-reader-text\">\u201eImpressum\u201c<\/span> weiterlesen<\/a><\/p>\n","protected":false},"author":1,"featured_media":0,"parent":0,"menu_order":0,"comment_status":"closed","ping_status":"closed","template":"","meta":{"footnotes":""},"class_list":["post-36","page","type-page","status-publish","hentry"],"_links":{"self":[{"href":"https:\/\/skupina.de\/index.php?rest_route=\/wp\/v2\/pages\/36","targetHints":{"allow":["GET"]}}],"collection":[{"href":"https:\/\/skupina.de\/index.php?rest_route=\/wp\/v2\/pages"}],"about":[{"href":"https:\/\/skupina.de\/index.php?rest_route=\/wp\/v2\/types\/page"}],"author":[{"embeddable":true,"href":"https:\/\/skupina.de\/index.php?rest_route=\/wp\/v2\/users\/1"}],"replies":[{"embeddable":true,"href":"https:\/\/skupina.de\/index.php?rest_route=%2Fwp%2Fv2%2Fcomments&post=36"}],"version-history":[{"count":8,"href":"https:\/\/skupina.de\/index.php?rest_route=\/wp\/v2\/pages\/36\/revisions"}],"predecessor-version":[{"id":106,"href":"https:\/\/skupina.de\/index.php?rest_route=\/wp\/v2\/pages\/36\/revisions\/106"}],"wp:attachment":[{"href":"https:\/\/skupina.de\/index.php?rest_route=%2Fwp%2Fv2%2Fmedia&parent=36"}],"curies":[{"name":"wp","href":"https:\/\/api.w.org\/{rel}","templated":true}]}}